{"id":735,"date":"2018-09-14T21:06:19","date_gmt":"2018-09-14T21:06:19","guid":{"rendered":"https:\/\/casaruraldeasturias.com\/reservas\/?page_id=735"},"modified":"2018-09-15T18:56:16","modified_gmt":"2018-09-15T18:56:16","slug":"quienes-somos-2","status":"publish","type":"page","link":"https:\/\/casalariba.com\/picosdeeuropa\/quienes-somos-2\/","title":{"rendered":"Quienes somos"},"content":{"rendered":"<p><img loading=\"lazy\" decoding=\"async\" class=\"alignright size-medium wp-image-648\" src=\"https:\/\/casaruraldeasturias.com\/reservas\/wp-content\/uploads\/2018\/09\/casasruralespicosdeuropa5-189x300.jpg\" alt=\"\" width=\"189\" height=\"300\" srcset=\"https:\/\/casalariba.com\/picosdeeuropa\/wp-content\/uploads\/2018\/09\/casasruralespicosdeuropa5-189x300.jpg 189w, https:\/\/casalariba.com\/picosdeeuropa\/wp-content\/uploads\/2018\/09\/casasruralespicosdeuropa5.jpg 360w\" sizes=\"auto, (max-width: 189px) 100vw, 189px\" \/>Sari y F\u00e9lix inaguramos en el a\u00f1o 2000 el complejo rural de La Riba , en Sames. Nos sentimos encantados de emprender HOSTELERIA Y TURISMO DE SAMES SL, de situar en este enclave maravilloso de Picos de Europa, a la orilla del r\u00edo Sella, este grupo de alojamientos, decorados con esa tipolog\u00eda asturiana y dentro de esta finca privada llena de encanto.<\/p>\n<p>Cada familia, cada pareja, cada grupo de amigos supone para nosotros involucrarnos en su estancia de tal forma que suponga una escapada inolvidable, y puedan encontrarse como en su casa.<\/p>\n<p>Con estas casas rurales y apartamentos, queremos ofrecer unos alojamientos de calidad, con unas vistas excepcionales; queremos que nuestros viajeros sientan esta dedicaci\u00f3n que ponemos en cada estancia, y para cada cliente en particular.<\/p>\n<p>Desde aqu\u00ed te animamos a disfrutar de La Riba unos d\u00edas, y acompa\u00f1arnos en este proyecto, en el que nos dedicamos&nbsp; a nuestros clientes con todo nuestro afecto.<\/p>\n<p>Sed bienvenidos !!<\/p>\n<p>&nbsp;<\/p>\n","protected":false},"excerpt":{"rendered":"<p>Sari y F\u00e9lix inaguramos en el a\u00f1o 2000 el complejo rural de La Riba , en Sames. Nos sentimos encantados de emprender HOSTELERIA Y TURISMO DE SAMES SL, de situar en este enclave maravilloso de Picos de Europa, a la orilla del r\u00edo Sella, este grupo de alojamientos, decorados con esa tipolog\u00eda asturiana y dentro [&hellip;]<\/p>\n","protected":false},"author":1,"featured_media":0,"parent":0,"menu_order":0,"comment_status":"closed","ping_status":"closed","template":"","meta":{"_monsterinsights_skip_tracking":false,"_monsterinsights_sitenote_active":false,"_monsterinsights_sitenote_note":"","_monsterinsights_sitenote_category":0,"_genesis_hide_title":false,"_genesis_hide_breadcrumbs":false,"_genesis_hide_singular_image":false,"_genesis_hide_footer_widgets":false,"_genesis_custom_body_class":"","_genesis_custom_post_class":"","_genesis_layout":"","ngg_post_thumbnail":0,"footnotes":""},"class_list":{"0":"post-735","1":"page","2":"type-page","3":"status-publish","5":"entry"},"_links":{"self":[{"href":"https:\/\/casalariba.com\/picosdeeuropa\/wp-json\/wp\/v2\/pages\/735","targetHints":{"allow":["GET"]}}],"collection":[{"href":"https:\/\/casalariba.com\/picosdeeuropa\/wp-json\/wp\/v2\/pages"}],"about":[{"href":"https:\/\/casalariba.com\/picosdeeuropa\/wp-json\/wp\/v2\/types\/page"}],"author":[{"embeddable":true,"href":"https:\/\/casalariba.com\/picosdeeuropa\/wp-json\/wp\/v2\/users\/1"}],"replies":[{"embeddable":true,"href":"https:\/\/casalariba.com\/picosdeeuropa\/wp-json\/wp\/v2\/comments?post=735"}],"version-history":[{"count":0,"href":"https:\/\/casalariba.com\/picosdeeuropa\/wp-json\/wp\/v2\/pages\/735\/revisions"}],"wp:attachment":[{"href":"https:\/\/casalariba.com\/picosdeeuropa\/wp-json\/wp\/v2\/media?parent=735"}],"curies":[{"name":"wp","href":"https:\/\/api.w.org\/{rel}","templated":true}]}}