{"id":489,"date":"2018-09-08T08:00:07","date_gmt":"2018-09-08T08:00:07","guid":{"rendered":"https:\/\/casaruraldeasturias.com\/reservas\/?page_id=489"},"modified":"2019-06-08T04:52:16","modified_gmt":"2019-06-08T04:52:16","slug":"bar-tienda","status":"publish","type":"page","link":"https:\/\/casalariba.com\/picosdeeuropa\/bar-tienda\/","title":{"rendered":"Bar Tienda"},"content":{"rendered":"<p><img loading=\"lazy\" decoding=\"async\" class=\"size-medium wp-image-503 alignleft\" src=\"https:\/\/casaruraldeasturias.com\/reservas\/wp-content\/uploads\/2018\/09\/bartienda-casachili1-300x197.jpg\" alt=\"\" width=\"300\" height=\"197\" srcset=\"https:\/\/casalariba.com\/picosdeeuropa\/wp-content\/uploads\/2018\/09\/bartienda-casachili1-300x197.jpg 300w, https:\/\/casalariba.com\/picosdeeuropa\/wp-content\/uploads\/2018\/09\/bartienda-casachili1.jpg 600w\" sizes=\"auto, (max-width: 300px) 100vw, 300px\" \/><\/p>\n<p>La recepci\u00f3n de las casas y apartamentos se localiza en el CHIGRE (bar-tienda) Casa Chili en el centro del pueblo de Sames.<\/p>\n<p>Se trata de una tipolog\u00eda muy especial y tradicional de peque\u00f1a tienda combinada con la actividad de bar, donde adem\u00e1s podemos desayunar productos de la zona con vistas hacia los Picos de Europa.<\/p>\n<p>&nbsp;Al tratarse de un pueblo fuera de la carretera principal, la tranquilidad se respira en cada rinc\u00f3n; tambi\u00e9n podremos deleitarnos con las arquitecturas m\u00e1s tradicionales, como son los h\u00f3rreos: peque\u00f1os graneros elevados con una construcci\u00f3n muy curiosa para evitar el acceso a roedores y otros peque\u00f1os animales.<\/p>\n<p>&nbsp;<\/p>\nngg_shortcode_0_placeholder\n<p><a href=\"https:\/\/www.avaibook.com\/reservas\/listado.php?cod_propietario=1343\" target=\"_blank\" class=\"boton-verde\" rel=\"noopener noreferrer\">Reservar ahora <\/a><\/p>\n","protected":false},"excerpt":{"rendered":"<p>La recepci\u00f3n de las casas y apartamentos se localiza en el CHIGRE (bar-tienda) Casa Chili en el centro del pueblo de Sames. Se trata de una tipolog\u00eda muy especial y tradicional de peque\u00f1a tienda combinada con la actividad de bar, donde adem\u00e1s podemos desayunar productos de la zona con vistas hacia los Picos de Europa. [&hellip;]<\/p>\n","protected":false},"author":1,"featured_media":493,"parent":0,"menu_order":0,"comment_status":"closed","ping_status":"closed","template":"","meta":{"_monsterinsights_skip_tracking":false,"_monsterinsights_sitenote_active":false,"_monsterinsights_sitenote_note":"","_monsterinsights_sitenote_category":0,"_genesis_hide_title":false,"_genesis_hide_breadcrumbs":false,"_genesis_hide_singular_image":false,"_genesis_hide_footer_widgets":false,"_genesis_custom_body_class":"","_genesis_custom_post_class":"","_genesis_layout":"","ngg_post_thumbnail":0,"footnotes":""},"class_list":{"0":"post-489","1":"page","2":"type-page","3":"status-publish","4":"has-post-thumbnail","6":"entry"},"_links":{"self":[{"href":"https:\/\/casalariba.com\/picosdeeuropa\/wp-json\/wp\/v2\/pages\/489","targetHints":{"allow":["GET"]}}],"collection":[{"href":"https:\/\/casalariba.com\/picosdeeuropa\/wp-json\/wp\/v2\/pages"}],"about":[{"href":"https:\/\/casalariba.com\/picosdeeuropa\/wp-json\/wp\/v2\/types\/page"}],"author":[{"embeddable":true,"href":"https:\/\/casalariba.com\/picosdeeuropa\/wp-json\/wp\/v2\/users\/1"}],"replies":[{"embeddable":true,"href":"https:\/\/casalariba.com\/picosdeeuropa\/wp-json\/wp\/v2\/comments?post=489"}],"version-history":[{"count":1,"href":"https:\/\/casalariba.com\/picosdeeuropa\/wp-json\/wp\/v2\/pages\/489\/revisions"}],"predecessor-version":[{"id":773,"href":"https:\/\/casalariba.com\/picosdeeuropa\/wp-json\/wp\/v2\/pages\/489\/revisions\/773"}],"wp:featuredmedia":[{"embeddable":true,"href":"https:\/\/casalariba.com\/picosdeeuropa\/wp-json\/wp\/v2\/media\/493"}],"wp:attachment":[{"href":"https:\/\/casalariba.com\/picosdeeuropa\/wp-json\/wp\/v2\/media?parent=489"}],"curies":[{"name":"wp","href":"https:\/\/api.w.org\/{rel}","templated":true}]}}