{"id":485,"date":"2018-09-08T07:49:30","date_gmt":"2018-09-08T07:49:30","guid":{"rendered":"https:\/\/casaruraldeasturias.com\/reservas\/?page_id=485"},"modified":"2019-06-08T04:51:15","modified_gmt":"2019-06-08T04:51:15","slug":"apartamentos","status":"publish","type":"page","link":"https:\/\/casalariba.com\/picosdeeuropa\/apartamentos\/","title":{"rendered":"Apartamentos"},"content":{"rendered":"<p><img loading=\"lazy\" decoding=\"async\" class=\"alignleft wp-image-486 size-full\" src=\"https:\/\/casaruraldeasturias.com\/reservas\/wp-content\/uploads\/2018\/09\/casasruralespicosdeuropa3.jpg\" alt=\"\" width=\"360\" height=\"570\" srcset=\"https:\/\/casalariba.com\/picosdeeuropa\/wp-content\/uploads\/2018\/09\/casasruralespicosdeuropa3.jpg 360w, https:\/\/casalariba.com\/picosdeeuropa\/wp-content\/uploads\/2018\/09\/casasruralespicosdeuropa3-189x300.jpg 189w\" sizes=\"auto, (max-width: 360px) 100vw, 360px\" \/><\/p>\n<p><strong>La Riba<\/strong> cuenta con cuatro \u201c<strong>apartamentos rurales<\/strong>\u201d independientes, cada uno de ellos completamente equipados para acomodar a 2 personas.<\/p>\n<p>Al igual que en las casas rurales, los <strong>apartamentos rurales<\/strong> disponen de dos amplias plantas, distribuidas en la planta superior con una amplia habitaci\u00f3n con una cama matrimonial o dos camas dependiendo del apartamento, acompa\u00f1ado por un ba\u00f1o completo con ducha o ba\u00f1era. Desde la primera planta, podremos disfrutar de maravillosas vistas a <strong>Picos de Europa.<\/strong><\/p>\n<p>Por otro lado, en la parte inferior, disponen de cocina-comedor totalmente equipada con utensilios de cocina, vajilla, etc. Adem\u00e1s, en esta misma planta se dispone de un aseo y un acogedor sal\u00f3n con <strong>chimenea<\/strong> donde leer un libro o disfrutar de la tranquilidad del entorno le llenara de energ\u00eda. Por supuesto, no nos olvidamos del <strong>wifi, gratuito<\/strong> en las instalaciones.<\/p>\n<p>Desde los <strong>apartamentos rurales<\/strong> puede disfrutar del maravilloso paisaje de Asturias, donde el bosque, la monta\u00f1a y el r\u00edo forman un encuadre perfecto lleno de naturaleza para sus vacaciones.<\/p>\n<p>&nbsp;<\/p>\n<p>Desde la chimenea en el sal\u00f3n hasta las habitaciones, convierten unas simples vacaciones en una escapada de ensue\u00f1o.<\/p>\n<p>Gracias a la ubicaci\u00f3n de <strong>La Riba<\/strong>, se tiene un c\u00f3modo acceso a otros destinos tur\u00edsticos muy populares en la zona como puede ser El Santuario de Covadonga, Los Lagos de Covadonga, Cangas de On\u00eds, Llanes, Ribadesella, Lastres, etc.<\/p>\n<p>Adem\u00e1s, gracias al entorno, se podr\u00e1 disfrutar de multitud de actividades al aire libre, como rutas de monta\u00f1a como la Ruta del Cares, El Beyu Pen, la olla San Vicente, u otras actividades como el <strong>descenso del Sella<\/strong>, rutas a caballo, barranquismo, etc. Y por supuesto culturales, como el Museo Jur\u00e1sico, el <strong>Museo de Tito Bustillo<\/strong>, el Museo de la sidra, las Cuevas del Soplao, etc. que les permitir\u00e1 descubrir la historia de nuestra comunidad.<\/p>\n<p>Con todo ello, no podemos olvidar uno de los atractivos m\u00e1s populares de Asturias, su <strong>Gastronom\u00eda<\/strong>. En la zona de Amieva y Cangas de On\u00eds, podr\u00e1 degustar los platos m\u00e1s t\u00edpicos como la Fabada, el cachopo, el cabritu\u2026. O d\u00e9jese sorprender por otros platos no tan conocidas como los tortos con picadillo, los rollitos de bonito, patates con huevos caseros y chorizo, etc.<\/p>\n<p><strong>&nbsp;<\/strong><\/p>\nngg_shortcode_0_placeholder\n<p>Si busca alojamiento para cuatro personas valore reservar nuestras <a href=\"https:\/\/casalariba.com\/picosdeeuropa\/las-casas\/\">casas rurales<\/a>.<\/p>\n<p><a href=\"https:\/\/www.avaibook.com\/reservas\/listado.php?cod_propietario=1343\" target=\"_blank\" class=\"boton-verde\" rel=\"noopener noreferrer\">Reservar ahora <\/a><\/p>\n","protected":false},"excerpt":{"rendered":"<p>La Riba cuenta con cuatro \u201capartamentos rurales\u201d independientes, cada uno de ellos completamente equipados para acomodar a 2 personas. Al igual que en las casas rurales, los apartamentos rurales disponen de dos amplias plantas, distribuidas en la planta superior con una amplia habitaci\u00f3n con una cama matrimonial o dos camas dependiendo del apartamento, acompa\u00f1ado por [&hellip;]<\/p>\n","protected":false},"author":1,"featured_media":711,"parent":0,"menu_order":0,"comment_status":"closed","ping_status":"closed","template":"","meta":{"_monsterinsights_skip_tracking":false,"_monsterinsights_sitenote_active":false,"_monsterinsights_sitenote_note":"","_monsterinsights_sitenote_category":0,"_genesis_hide_title":false,"_genesis_hide_breadcrumbs":false,"_genesis_hide_singular_image":false,"_genesis_hide_footer_widgets":false,"_genesis_custom_body_class":"","_genesis_custom_post_class":"","_genesis_layout":"full-width-content","ngg_post_thumbnail":0,"footnotes":""},"class_list":{"0":"post-485","1":"page","2":"type-page","3":"status-publish","4":"has-post-thumbnail","6":"entry"},"_links":{"self":[{"href":"https:\/\/casalariba.com\/picosdeeuropa\/wp-json\/wp\/v2\/pages\/485","targetHints":{"allow":["GET"]}}],"collection":[{"href":"https:\/\/casalariba.com\/picosdeeuropa\/wp-json\/wp\/v2\/pages"}],"about":[{"href":"https:\/\/casalariba.com\/picosdeeuropa\/wp-json\/wp\/v2\/types\/page"}],"author":[{"embeddable":true,"href":"https:\/\/casalariba.com\/picosdeeuropa\/wp-json\/wp\/v2\/users\/1"}],"replies":[{"embeddable":true,"href":"https:\/\/casalariba.com\/picosdeeuropa\/wp-json\/wp\/v2\/comments?post=485"}],"version-history":[{"count":1,"href":"https:\/\/casalariba.com\/picosdeeuropa\/wp-json\/wp\/v2\/pages\/485\/revisions"}],"predecessor-version":[{"id":772,"href":"https:\/\/casalariba.com\/picosdeeuropa\/wp-json\/wp\/v2\/pages\/485\/revisions\/772"}],"wp:featuredmedia":[{"embeddable":true,"href":"https:\/\/casalariba.com\/picosdeeuropa\/wp-json\/wp\/v2\/media\/711"}],"wp:attachment":[{"href":"https:\/\/casalariba.com\/picosdeeuropa\/wp-json\/wp\/v2\/media?parent=485"}],"curies":[{"name":"wp","href":"https:\/\/api.w.org\/{rel}","templated":true}]}}