{"id":481,"date":"2018-09-08T07:46:35","date_gmt":"2018-09-08T07:46:35","guid":{"rendered":"https:\/\/casaruraldeasturias.com\/reservas\/?page_id=481"},"modified":"2019-06-08T04:57:30","modified_gmt":"2019-06-08T04:57:30","slug":"las-casas","status":"publish","type":"page","link":"https:\/\/casalariba.com\/picosdeeuropa\/las-casas\/","title":{"rendered":"Las Casas"},"content":{"rendered":"<p><img loading=\"lazy\" decoding=\"async\" class=\"alignleft wp-image-709 size-full\" src=\"https:\/\/casaruraldeasturias.com\/reservas\/wp-content\/uploads\/2018\/09\/casas-rurales45.jpg\" alt=\"\" width=\"360\" height=\"540\" srcset=\"https:\/\/casalariba.com\/picosdeeuropa\/wp-content\/uploads\/2018\/09\/casas-rurales45.jpg 360w, https:\/\/casalariba.com\/picosdeeuropa\/wp-content\/uploads\/2018\/09\/casas-rurales45-200x300.jpg 200w\" sizes=\"auto, (max-width: 360px) 100vw, 360px\" \/><\/p>\n<p>La Riba consta de dos <strong>casas rurales<\/strong> independientes con capacidad para 4 personas cada una de ellas, ubicadas dentro de una <strong>finca privada<\/strong>. Las casas rurales est\u00e1n construidas y decoradas conforme a la arquitectura t\u00edpica de la zona, haciendo de ellas, un espacio acogedor y tranquilo, con el objetivo de hacer a nuestros clientes part\u00edcipes de la vida cotidiana del pueblo.<\/p>\n<p>Las <strong>casas rurales<\/strong> est\u00e1n distribuidas en la parte superior por dos habitaciones independientes, una con cama matrimonial y la otra con dos camas, disponiendo ambas de unas vistas espectaculares a los<strong> Picos de Europa<\/strong>. En la parte superior tambi\u00e9n disponen de un ba\u00f1o completo.<\/p>\n<p>En la parte inferior disponen de cocina-comedor totalmente equipada con utensilios de cocina, vajilla, etc. Adem\u00e1s, en esta misma planta se dispone de un aseo y un acogedor sal\u00f3n con chimenea donde leer un libro o disfrutar de la tranquilidad del entorno le llenara de energ\u00eda. Por supuesto, no nos olvidamos del <strong>wifi, gratuito<\/strong> en las instalaciones.<\/p>\n<p>Por \u00faltimo, en la<strong> parte exterior<\/strong> se dispone de una zona verde con mobiliario exterior para disfrutar de una comida el aire y con vistas del entorno.<\/p>\n<p>Adem\u00e1s, desde las zonas comunes de las <strong>casas rurales<\/strong> podr\u00e1 disfrutar de rincones de tranquilidad y bellos paisajes de <strong>Asturias<\/strong>, donde el bosque, la monta\u00f1a y el r\u00edo forman un encuadre perfecto lleno de naturaleza.<\/p>\n<p>Gracias a la ubicaci\u00f3n de <strong>La Riba<\/strong>, se tiene un c\u00f3modo acceso a otros destinos tur\u00edsticos muy populares en la zona como puede ser El Santuario de Covadonga, Los Lagos de Covadonga, Cangas de On\u00eds, Llanes, Ribadesella, Lastres, etc.<\/p>\n<p>Adem\u00e1s, gracias al entorno, se podr\u00e1 disfrutar de multitud de actividades al aire libre, como rutas de monta\u00f1a como la Ruta del Cares, El Beyu Pen, la olla San Vicente, u otras actividades como el <strong>descenso del Sella<\/strong>, rutas a caballo, barranquismo, etc. Y por supuesto culturales, como el Museo Jur\u00e1sico, el <strong>Museo de Tito Bustillo<\/strong>, el Museo de la sidra, las Cuevas del Soplao, etc. que les permitir\u00e1 descubrir la historia de nuestra comunidad.<\/p>\n<p>Con todo ello, no podemos olvidar uno de los atractivos m\u00e1s populares de Asturias, su <strong>Gastronom\u00eda<\/strong>. En la zona de Amieva y Cangas de On\u00eds, podr\u00e1 degustar los platos m\u00e1s t\u00edpicos como la Fabada, el cachopo, el cabritu\u2026. O d\u00e9jese sorprender por otros platos no tan conocidas como los tortos con picadillo, los rollitos de bonito, patates con huevos caseros y chorizo, etc.<\/p>\n<p>&nbsp;<\/p>\nngg_shortcode_0_placeholder\n<p>Si busca alojamiento para dos personas no deje de ver nuestros <a href=\"https:\/\/casalariba.com\/picosdeeuropa\/apartamentos\/\">apartamentos rurales<\/a><\/p>\n<p><a href=\"https:\/\/www.avaibook.com\/reservas\/listado.php?cod_propietario=1343\" target=\"_blank\" class=\"boton-verde\" rel=\"noopener noreferrer\">Reservar ahora <\/a><\/p>\n","protected":false},"excerpt":{"rendered":"<p>La Riba consta de dos casas rurales independientes con capacidad para 4 personas cada una de ellas, ubicadas dentro de una finca privada. Las casas rurales est\u00e1n construidas y decoradas conforme a la arquitectura t\u00edpica de la zona, haciendo de ellas, un espacio acogedor y tranquilo, con el objetivo de hacer a nuestros clientes part\u00edcipes [&hellip;]<\/p>\n","protected":false},"author":1,"featured_media":484,"parent":0,"menu_order":0,"comment_status":"closed","ping_status":"closed","template":"","meta":{"_monsterinsights_skip_tracking":false,"_monsterinsights_sitenote_active":false,"_monsterinsights_sitenote_note":"","_monsterinsights_sitenote_category":0,"_genesis_hide_title":false,"_genesis_hide_breadcrumbs":false,"_genesis_hide_singular_image":false,"_genesis_hide_footer_widgets":false,"_genesis_custom_body_class":"","_genesis_custom_post_class":"","_genesis_layout":"","ngg_post_thumbnail":0,"footnotes":""},"class_list":{"0":"post-481","1":"page","2":"type-page","3":"status-publish","4":"has-post-thumbnail","6":"entry"},"_links":{"self":[{"href":"https:\/\/casalariba.com\/picosdeeuropa\/wp-json\/wp\/v2\/pages\/481","targetHints":{"allow":["GET"]}}],"collection":[{"href":"https:\/\/casalariba.com\/picosdeeuropa\/wp-json\/wp\/v2\/pages"}],"about":[{"href":"https:\/\/casalariba.com\/picosdeeuropa\/wp-json\/wp\/v2\/types\/page"}],"author":[{"embeddable":true,"href":"https:\/\/casalariba.com\/picosdeeuropa\/wp-json\/wp\/v2\/users\/1"}],"replies":[{"embeddable":true,"href":"https:\/\/casalariba.com\/picosdeeuropa\/wp-json\/wp\/v2\/comments?post=481"}],"version-history":[{"count":1,"href":"https:\/\/casalariba.com\/picosdeeuropa\/wp-json\/wp\/v2\/pages\/481\/revisions"}],"predecessor-version":[{"id":776,"href":"https:\/\/casalariba.com\/picosdeeuropa\/wp-json\/wp\/v2\/pages\/481\/revisions\/776"}],"wp:featuredmedia":[{"embeddable":true,"href":"https:\/\/casalariba.com\/picosdeeuropa\/wp-json\/wp\/v2\/media\/484"}],"wp:attachment":[{"href":"https:\/\/casalariba.com\/picosdeeuropa\/wp-json\/wp\/v2\/media?parent=481"}],"curies":[{"name":"wp","href":"https:\/\/api.w.org\/{rel}","templated":true}]}}