{"id":14,"date":"2015-02-27T20:40:32","date_gmt":"2015-02-27T20:40:32","guid":{"rendered":"http:\/\/www.casalariba.com\/reservas\/?page_id=14"},"modified":"2018-05-12T08:45:32","modified_gmt":"2018-05-12T08:45:32","slug":"aviso-legal","status":"publish","type":"page","link":"https:\/\/casalariba.com\/picosdeeuropa\/aviso-legal\/","title":{"rendered":"Aviso Legal"},"content":{"rendered":"<p>La presente es un aviso legal de obligada visualizaci\u00f3n que regula las condiciones de uso que deben ser observadas y acatadas por los usuarios de esta p\u00e1gina web. Le pedimos que lea lo m\u00e1s atentamente posible, ya que el hecho de acceder al mismo implica que usted ha le\u00eddo y aceptado sin ninguna reserva las condiciones que siguen.<\/p>\n<p>Condiciones de uso de la p\u00e1gina web<\/p>\n<p>A los efectos del art\u00edculo 10 de la Ley 34\/2002, de 11 de julio, de la Ley de Servicios de la Sociedad de la Informaci\u00f3n y del Comercio Electr\u00f3nico, se informa al usuario que el titular de la p\u00e1gina web es Casas rurales La Riba (HOSTELERIA Y TURISMO DE SAMES, S.L.), Sames 56 , 33558 Amieva (Asturias) Tel: 985 944 765; provista de C.I.F.\/N.I.F. n\u00fam. B33547688.<\/p>\n<p>El usuario se compromete a hacer un uso diligente de la p\u00e1gina web y de los servicios accesibles desde el mismo y a no utilizar los servicios o informaciones contenidos en la p\u00e1gina web para desarrollar actividades contrarias a las leyes, a la moral y a las buenas costumbres, al orden p\u00fablico y, en general, a un uso conforme al presente aviso legal.<\/p>\n<p>Casas rurales La Riba podr\u00e1 interrumpir temporalmente o definitivamente, seg\u00fan su buen criterio, el acceso a la p\u00e1gina web, as\u00ed como la prestaci\u00f3n de cualquier o de todos los servicios que se presten a trav\u00e9s de la misma, en cualquier momento y sin previo aviso.<\/p>\n<p>En el caso de comunicaciones comerciales por parte de Casas rurales La Riba a sus usuarios, \u00e9stas s\u00f3lo tendr\u00e1n lugar en el caso de que dichos usuarios hayan dado previamente su consentimiento expreso a trav\u00e9s de correo electr\u00f3nico o cualquier otro medio escrito.<\/p>\n<p>Derechos de Propiedad Intelectual<\/p>\n<p>Casas rurales La Riba es titular de los derechos de Propiedad Intelectual e Industrial de la totalidad de los contenidos de esta p\u00e1gina web. En cualquier caso, Casas rurales La Riba dispone de la correspondiente autorizaci\u00f3n para dar el uso que crea conveniente a sus contenidos.<\/p>\n<p>Queda terminantemente prohibida la reproducci\u00f3n, excepto para uso privado, la puesta a disposici\u00f3n del p\u00fablico y en general cualquier otra forma de explotaci\u00f3n de todos o parte de los contenidos de esta p\u00e1gina web, as\u00ed como su dise\u00f1o. Estos actos de explotaci\u00f3n s\u00f3lo podr\u00e1n ser realizados mediante la autorizaci\u00f3n expresa de Casas rurales La Riba y siempre que se haga referencia expl\u00edcita a la titularidad de Casas rurales La Riba de dichos derechos de Propiedad Intelectual. En este sentido, aquellas personas que deseen establecer un enlace web o hiperlink entre su p\u00e1gina web y esta p\u00e1gina web, tendr\u00e1n que solicitar la autorizaci\u00f3n expresa y por escrito de Casas rurales La Riba, sin que esto implique una relaci\u00f3n entre Casas rurales La Riba y el titular de la p\u00e1gina en la cual se establece el enlace web, ni la aprobaci\u00f3n o aceptaci\u00f3n por parte de Casas rurales La Riba de sus contenidos o servicios.<\/p>\n<p>Queda terminantemente prohibido realizar, sin el previo consentimiento de Casas rurales La Riba, cualquier manipulaci\u00f3n o alteraci\u00f3n de esta p\u00e1gina web. Consecuentemente, Casas rurales La Riba no asumir\u00e1 ninguna responsabilidad derivada, o que pudiera derivarse, de dicha alteraci\u00f3n o manipulaci\u00f3n por parte de terceros.<\/p>\n<p>Limitaci\u00f3n de la responsabilidad<\/p>\n<p>A trav\u00e9s de esta p\u00e1gina web, Casas rurales La Riba les proporciona y les da acceso a datos, programas, opiniones, cr\u00edticas o informaciones, cualesquiera que sea su origen, a trav\u00e9s de su red o redes. Casas rurales La Riba no garantiza la calidad, exactitud, fiabilidad, correcci\u00f3n o moralidad de los contenidos arriba referidos; consecuentemente, el usuario acepta expresamente dejar a Casas rurales La Riba exento de cualquier responsabilidad en relaci\u00f3n a lo anterior, y asume bajo su exclusiva responsabilidad las consecuencias, da\u00f1os o acciones que pudieran derivarse del acceso a dichos contenidos, as\u00ed como a su uso, reproducci\u00f3n o difusi\u00f3n.<\/p>\n<p>Casas rurales La Riba declina cualquier responsabilidad por los da\u00f1os y perjuicios que genere la imposibilidad de prestar los servicios ofrecidos en su p\u00e1gina debida a supuestos de caso fortuito, fuerza mayor u otras causas no imputables a Casas rurales La Riba. Tampoco asume ninguna responsabilidad por el inadecuado funcionamiento de su p\u00e1gina si ello obedece a labores de mantenimiento, a incidencias que afecten a operadores nacionales o internacionales, a una defectuosa configuraci\u00f3n de los equipos de sus clientes y usuarios o a su insuficiente capacidad para mantener los sistemas inform\u00e1ticos m\u00ednimos requeridos para poder hacer uso de esta web o incompatibilidades con los sistemas inform\u00e1ticos de los usuarios o clientes.<\/p>\n<p>Pol\u00edtica de Privacidad respecto a cookies<\/p>\n<p>Nuestro sitio web www.casalariba.com utiliza una tecnolog\u00eda denominada cookies, con la finalidad de poder recabar informaci\u00f3n estad\u00edstica an\u00f3nima acerca del uso del sitio web.<br \/>\nLe informamos que podemos utilizar cookies con la finalidad de facilitar su navegaci\u00f3n a trav\u00e9s del sitio web, distinguirle de otros usuarios, proporcionarle una mejor experiencia en el uso del mismo, e identificar problemas para mejorar nuestro sitio web. Asimismo, en caso de que preste su consentimiento, utilizaremos cookies que nos permitan obtener m\u00e1s informaci\u00f3n acerca de sus preferencias y personalizar nuestro sitio web de conformidad con sus intereses individuales.<\/p>\n<p>Qu\u00e9 son cookies?<\/p>\n<p>Una cookie es un fichero que se env\u00eda a un navegador, a trav\u00e9s de un servidor, para registrar las actividades que tienen lugar en una web. Estos ficheros permiten que el sitio web almacene informaci\u00f3n b\u00e1sica sobre las preferencias b\u00e1sicas del usuario (idioma, configuraci\u00f3n, contenido, dise\u00f1o) y desempe\u00f1an un papel importante en materia de usabilidad y experiencia de navegaci\u00f3n.<\/p>\n<p>Cookies anal\u00edticas: en nuestro sitio cookies que almacenan informaci\u00f3n sobre la actividad de los usuarios en una web. La informaci\u00f3n recogida se utiliza para elaborar perfiles de navegaci\u00f3n con el fin de optimizar los servicios ofertados.<br \/>\nPuede permitir, bloquear o eliminar las cookies instaladas en su equipo mediante la configuraci\u00f3n de las opciones de su navegador de Internet.<br \/>\nSi quisiese retirar en cualquier momento su consentimiento relacionado con la presente Politica de Cookies, deber\u00e1 eliminar las cookies almacenadas a trav\u00e9s de los ajustes y configuraciones de su navegador de Internet.<\/p>\n<table id=\"table8\">\n<tbody>\n<tr>\n<td>DOMINIO<\/td>\n<td>NOMBRE COOKIE<\/td>\n<td>DESCRIPCION\/FINALIDAD<\/td>\n<td>PROVEEDOR<\/td>\n<td>CADUCIDAD<\/td>\n<\/tr>\n<tr>\n<td>casalariba.com<\/td>\n<td>utma_<\/td>\n<td>Anal\u00edtica web<\/td>\n<td>Propias<\/td>\n<td>2 a\u00f1os desde que se creo inicialmente o se restablecio<\/td>\n<\/tr>\n<\/tbody>\n<\/table>\n<p>C\u00f3mo?<\/p>\n<p>Aqu\u00ed le ofrecemos informaci\u00f3n para que pueda deshabilitar las cookies de los principales navegadores, si su navegador no aparece en esta lista por favor contacta con tu proveedor de software:<\/p>\n<p>Google Chrome<\/p>\n<p>En el men\u00fa de configuraci\u00f3n, selecciona \u2018mostrar configuraci\u00f3n avanzada\u2019 en la parte inferior de la p\u00e1gina selecciona la tecla de \u2018configuraci\u00f3n de contenido\u2019 en la secci\u00f3n de privacidad. La secci\u00f3n de la parte superior de la p\u00e1gina que aparece te da informaci\u00f3n sobre las cookies y te permite fijar las cookies que quieres. Tambi\u00e9n te permite borrar cualquier cookie que tengas almacenada en ese momento.<\/p>\n<p>Mozilla Firefox<\/p>\n<p>En el men\u00fa de herramientas, selecciona \u2018opciones\u2019 Selecciona la etiqueta de privacidad en el recuadro de opciones Del men\u00fa desplegable elige \u2018usar configuraci\u00f3n personalizada para el historial\u2019. Esto mostrar\u00e1 las opciones de cookies y podr\u00e1s optar por activarlas o desactivarlas marcando la casilla correspondiente.<\/p>\n<p>Internet Explorer 6+<\/p>\n<p>En el men\u00fa de herramientas, selecciona \u2018Opciones de Internet\u2019. Haz clic en la pesta\u00f1a de privacidad . Ver\u00e1s un cursor de desplazamiento para configurar la privacidad que tiene seis posiciones que te permiten controlar la cantidad de cookies que se instalar\u00e1n: Bloquear todas las cookies, Alta, Media Alto, Media (nivel por defecto), Baja, y Aceptar todas las cookies.<\/p>\n<p>Pol\u00edtica de privacidad<\/p>\n<p>Todos los datos personales recabados por Casas rurales La Riba gozan de todas las garant\u00edas de Confidencialidad y Seguridad. Respecto a ello, le informamos de lo siguiente:<\/p>\n<p>Casas rurales La Riba \u00fanicamente obtiene y conserva la informaci\u00f3n referente a sus datos de facturaci\u00f3n y contacto, proveedor de acceso a Internet (ISP), fecha y hora de acceso a la web y la direcci\u00f3n de Internet desde la que parti\u00f3 el enlace a nuestra p\u00e1gina web. Nunca almacenamos sus datos bancarios o de tarjetas de cr\u00e9dito.<\/p>\n<p>Casas rurales La Riba garantiza la protecci\u00f3n y confidencialidad de los datos personales, domiciliarios, de pago y de cualquier otro tipo que nos proporcionen nuestros clientes de acuerdo con lo dispuesto en la Ley Org\u00e1nica 15\/1999, de 13 de Diciembre de Protecci\u00f3n de Datos de Car\u00e1cter Personal y Reglamento (UE) 2016\/679 de 27 de abril de 2016 (GDPR)<\/p>\n<p>Asimismo, y de acuerdo con lo dispuesto en el art\u00edculo 9 de la Ley Org\u00e1nica 15\/1999, de Protecci\u00f3n de Datos de Car\u00e1cter Personal,y Reglamento (UE) 2016\/679 de 27 de abril de 2016 (GDPR), disponemos de estrictos procedimientos de seguridad relativos al almacenamiento y revelaci\u00f3n de datos, con el fin de evitar todo acceso intrusivo a los mismos.<\/p>\n<p>Por ello, y en cumplimiento de lo establecido en dicha ley, Casas rurales La Riba le informa que todos los datos facilitados por nuestros clientes a Casas rurales La Riba o a sus empleados, ser\u00e1n incluidos en un fichero automatizado de datos de car\u00e1cter personal creado y mantenido bajo la responsabilidad de HOSTELERIA Y TURISMO DE SAMES SL, Sames 56, 33558 Amieva (Asturias) Tel: 985 944 765 provista de C.I.F.\/N.I.F. n\u00fam. B33547688. La principal finalidad de dicho fichero es la de mantener la relaci\u00f3n contractual con nuestros clientes, facilitar la tramitaci\u00f3n de los pedidos, la realizaci\u00f3n de estudios estad\u00edsticos, as\u00ed como el env\u00edo de publicidad relativa a los productos y servicios ofrecidos por Casas rurales La Riba.<\/p>\n<p>Casas rurales La Riba asegura la confidencialidad de los datos aportados y garantiza que, en ning\u00fan caso, ser\u00e1n cedidos para ning\u00fan otro uso sin mediar consentimiento previo y expreso de nuestros clientes.<\/p>\n<p>En cumplimiento de lo dispuesto en la Ley Org\u00e1nica 15\/1999 de 13 de Diciembre, los clientes de Casas rurales La Riba pueden, en todo momento, ejercitar los derechos de acceso, rectificaci\u00f3n, cancelaci\u00f3n y oposici\u00f3n sobre sus datos personales comunic\u00e1ndolo por escrito a HOSTELERIA Y TURISMO DE SAMES, Sames 56, 33558 Amieva (Asturias) Tel: 985 955 765.<\/p>\n","protected":false},"excerpt":{"rendered":"<p>La presente es un aviso legal de obligada visualizaci\u00f3n que regula las condiciones de uso que deben ser observadas y acatadas por los usuarios de esta p\u00e1gina web. Le pedimos que lea lo m\u00e1s atentamente posible, ya que el hecho de acceder al mismo implica que usted ha le\u00eddo y aceptado sin ninguna reserva las [&hellip;]<\/p>\n","protected":false},"author":1,"featured_media":0,"parent":0,"menu_order":0,"comment_status":"closed","ping_status":"closed","template":"","meta":{"_monsterinsights_skip_tracking":false,"_monsterinsights_sitenote_active":false,"_monsterinsights_sitenote_note":"","_monsterinsights_sitenote_category":0,"_genesis_hide_title":false,"_genesis_hide_breadcrumbs":false,"_genesis_hide_singular_image":false,"_genesis_hide_footer_widgets":false,"_genesis_custom_body_class":"","_genesis_custom_post_class":"","_genesis_layout":"","ngg_post_thumbnail":0,"footnotes":""},"class_list":{"0":"post-14","1":"page","2":"type-page","3":"status-publish","5":"entry"},"_links":{"self":[{"href":"https:\/\/casalariba.com\/picosdeeuropa\/wp-json\/wp\/v2\/pages\/14","targetHints":{"allow":["GET"]}}],"collection":[{"href":"https:\/\/casalariba.com\/picosdeeuropa\/wp-json\/wp\/v2\/pages"}],"about":[{"href":"https:\/\/casalariba.com\/picosdeeuropa\/wp-json\/wp\/v2\/types\/page"}],"author":[{"embeddable":true,"href":"https:\/\/casalariba.com\/picosdeeuropa\/wp-json\/wp\/v2\/users\/1"}],"replies":[{"embeddable":true,"href":"https:\/\/casalariba.com\/picosdeeuropa\/wp-json\/wp\/v2\/comments?post=14"}],"version-history":[{"count":0,"href":"https:\/\/casalariba.com\/picosdeeuropa\/wp-json\/wp\/v2\/pages\/14\/revisions"}],"wp:attachment":[{"href":"https:\/\/casalariba.com\/picosdeeuropa\/wp-json\/wp\/v2\/media?parent=14"}],"curies":[{"name":"wp","href":"https:\/\/api.w.org\/{rel}","templated":true}]}}